{"id":511,"date":"2024-02-27T20:33:18","date_gmt":"2024-02-27T18:33:18","guid":{"rendered":"https:\/\/automaatiokoulutus.fi\/?post_type=product&#038;p=511"},"modified":"2025-10-31T14:28:43","modified_gmt":"2025-10-31T12:28:43","slug":"automaatioasennukset-yhdelle","status":"publish","type":"product","link":"https:\/\/automaatiokoulutus.fi\/?product=automaatioasennukset-yhdelle","title":{"rendered":"Automaatioasennukset (yhdelle)"},"content":{"rendered":"<p>Automaatioasennuksissa k\u00e4yd\u00e4\u00e4n l\u00e4vitse automaatioon liittyv\u00e4\u00e4 asiaa<\/p>\n<p>Kurssin materiaali on tekij\u00e4noikeussuojattu ja niiden kopioiminen ja jakaminen on ehdottomasti kielletty.<\/p>\n<p>S\u00e4hk\u00f6kuvia saa k\u00e4ytt\u00e4\u00e4 vain henkil\u00f6t, joilla on voimassa oleva lisenssi kurssille.<\/p>\n<p>&nbsp;<\/p>\n<p>Ensimm\u00e4isell\u00e4 kerralla, kun ostat tuotteita, sinulle luodaan automaattisesti k\u00e4ytt\u00e4j\u00e4tili. S\u00e4hk\u00f6postiisi tulee viesti, josta p\u00e4\u00e4set asettamaan tilille salasanan.<\/p>\n","protected":false},"excerpt":{"rendered":"<p>T\u00e4m\u00e4 on lisenssi yhdelle k\u00e4ytt\u00e4j\u00e4lle.<\/p>\n<p>Lisenssi on voimassa 300 p\u00e4iv\u00e4\u00e4.<\/p>\n<p>Kurssi on tarkoitettu yrityksille ja yksityishenkil\u00f6ille<\/p>\n","protected":false},"featured_media":49,"template":"","meta":{"_eb_attr":"","site-sidebar-layout":"default","site-content-layout":"","ast-site-content-layout":"default","site-content-style":"default","site-sidebar-style":"default","ast-global-header-display":"","ast-banner-title-visibility":"","ast-main-header-display":"","ast-hfb-above-header-display":"","ast-hfb-below-header-display":"","ast-hfb-mobile-header-display":"","site-post-title":"","ast-breadcrumbs-content":"","ast-featured-img":"","footer-sml-layout":"","ast-disable-related-posts":"","theme-transparent-header-meta":"default","adv-header-id-meta":"","stick-header-meta":"","header-above-stick-meta":"","header-main-stick-meta":"","header-below-stick-meta":"","astra-migrate-meta-layouts":"set","ast-page-background-enabled":"default","ast-page-background-meta":{"desktop":{"background-color":"var(--ast-global-color-4)","background-image":"","background-repeat":"repeat","background-position":"center center","background-size":"auto","background-attachment":"scroll","background-type":"","background-media":"","overlay-type":"","overlay-color":"","overlay-opacity":"","overlay-gradient":""},"tablet":{"background-color":"","background-image":"","background-repeat":"repeat","background-position":"center center","background-size":"auto","background-attachment":"scroll","background-type":"","background-media":"","overlay-type":"","overlay-color":"","overlay-opacity":"","overlay-gradient":""},"mobile":{"background-color":"","background-image":"","background-repeat":"repeat","background-position":"center center","background-size":"auto","background-attachment":"scroll","background-type":"","background-media":"","overlay-type":"","overlay-color":"","overlay-opacity":"","overlay-gradient":""}},"ast-content-background-meta":{"desktop":{"background-color":"var(--ast-global-color-5)","background-image":"","background-repeat":"repeat","background-position":"center center","background-size":"auto","background-attachment":"scroll","background-type":"","background-media":"","overlay-type":"","overlay-color":"","overlay-opacity":"","overlay-gradient":""},"tablet":{"background-color":"var(--ast-global-color-5)","background-image":"","background-repeat":"repeat","background-position":"center center","background-size":"auto","background-attachment":"scroll","background-type":"","background-media":"","overlay-type":"","overlay-color":"","overlay-opacity":"","overlay-gradient":""},"mobile":{"background-color":"var(--ast-global-color-5)","background-image":"","background-repeat":"repeat","background-position":"center center","background-size":"auto","background-attachment":"scroll","background-type":"","background-media":"","overlay-type":"","overlay-color":"","overlay-opacity":"","overlay-gradient":""}}},"product_brand":[],"product_cat":[51],"product_tag":[],"class_list":{"0":"post-511","1":"product","2":"type-product","3":"status-publish","4":"has-post-thumbnail","6":"product_cat-verkkokurssit","7":"desktop-align-left","8":"tablet-align-left","9":"mobile-align-left","11":"first","12":"instock","13":"virtual","14":"sold-individually","15":"taxable","16":"purchasable","17":"product-type-simple"},"_links":{"self":[{"href":"https:\/\/automaatiokoulutus.fi\/index.php?rest_route=\/wp\/v2\/product\/511","targetHints":{"allow":["GET"]}}],"collection":[{"href":"https:\/\/automaatiokoulutus.fi\/index.php?rest_route=\/wp\/v2\/product"}],"about":[{"href":"https:\/\/automaatiokoulutus.fi\/index.php?rest_route=\/wp\/v2\/types\/product"}],"version-history":[{"count":1,"href":"https:\/\/automaatiokoulutus.fi\/index.php?rest_route=\/wp\/v2\/product\/511\/revisions"}],"predecessor-version":[{"id":4306,"href":"https:\/\/automaatiokoulutus.fi\/index.php?rest_route=\/wp\/v2\/product\/511\/revisions\/4306"}],"wp:featuredmedia":[{"embeddable":true,"href":"https:\/\/automaatiokoulutus.fi\/index.php?rest_route=\/wp\/v2\/media\/49"}],"wp:attachment":[{"href":"https:\/\/automaatiokoulutus.fi\/index.php?rest_route=%2Fwp%2Fv2%2Fmedia&parent=511"}],"wp:term":[{"taxonomy":"product_brand","embeddable":true,"href":"https:\/\/automaatiokoulutus.fi\/index.php?rest_route=%2Fwp%2Fv2%2Fproduct_brand&post=511"},{"taxonomy":"product_cat","embeddable":true,"href":"https:\/\/automaatiokoulutus.fi\/index.php?rest_route=%2Fwp%2Fv2%2Fproduct_cat&post=511"},{"taxonomy":"product_tag","embeddable":true,"href":"https:\/\/automaatiokoulutus.fi\/index.php?rest_route=%2Fwp%2Fv2%2Fproduct_tag&post=511"}],"curies":[{"name":"wp","href":"https:\/\/api.w.org\/{rel}","templated":true}]}}