{"id":3975,"date":"2025-08-11T11:29:49","date_gmt":"2025-08-11T08:29:49","guid":{"rendered":"https:\/\/automaatiokoulutus.fi\/?page_id=3975"},"modified":"2025-08-11T11:52:10","modified_gmt":"2025-08-11T08:52:10","slug":"info-oppilaitoksille","status":"publish","type":"page","link":"https:\/\/automaatiokoulutus.fi\/?page_id=3975","title":{"rendered":"Info oppilaitoksille"},"content":{"rendered":"\t\t<div data-elementor-type=\"wp-page\" data-elementor-id=\"3975\" class=\"elementor elementor-3975\" data-elementor-post-type=\"page\">\n\t\t\t\t<div class=\"elementor-element elementor-element-7b3e9d1 e-flex e-con-boxed e-con e-parent\" data-id=\"7b3e9d1\" data-element_type=\"container\" data-e-type=\"container\">\n\t\t\t\t\t<div class=\"e-con-inner\">\n\t\t\t\t<div class=\"elementor-element elementor-element-11a2ee4 elementor-widget elementor-widget-spacer\" data-id=\"11a2ee4\" data-element_type=\"widget\" data-e-type=\"widget\" data-widget_type=\"spacer.default\">\n\t\t\t\t\t\t\t<div class=\"elementor-spacer\">\n\t\t\t<div class=\"elementor-spacer-inner\"><\/div>\n\t\t<\/div>\n\t\t\t\t\t\t<\/div>\n\t\t\t\t\t<\/div>\n\t\t\t\t<\/div>\n\t\t<div class=\"elementor-element elementor-element-3ce130a e-flex e-con-boxed e-con e-parent\" data-id=\"3ce130a\" data-element_type=\"container\" data-e-type=\"container\" data-settings=\"{&quot;background_background&quot;:&quot;classic&quot;}\">\n\t\t\t\t\t<div class=\"e-con-inner\">\n\t\t\t\t<div class=\"elementor-element elementor-element-7f87e73 elementor-widget elementor-widget-heading\" data-id=\"7f87e73\" data-element_type=\"widget\" data-e-type=\"widget\" data-widget_type=\"heading.default\">\n\t\t\t\t\t<h2 class=\"elementor-heading-title elementor-size-default\">INFO OPPILAITOKSILLE<\/h2>\t\t\t\t<\/div>\n\t\t\t\t\t<\/div>\n\t\t\t\t<\/div>\n\t\t<div class=\"elementor-element elementor-element-ea33b88 e-flex e-con-boxed e-con e-parent\" data-id=\"ea33b88\" data-element_type=\"container\" data-e-type=\"container\">\n\t\t\t\t\t<div class=\"e-con-inner\">\n\t\t\t\t<div class=\"elementor-element elementor-element-31f9817 elementor-widget elementor-widget-spacer\" data-id=\"31f9817\" data-element_type=\"widget\" data-e-type=\"widget\" data-widget_type=\"spacer.default\">\n\t\t\t\t\t\t\t<div class=\"elementor-spacer\">\n\t\t\t<div class=\"elementor-spacer-inner\"><\/div>\n\t\t<\/div>\n\t\t\t\t\t\t<\/div>\n\t\t\t\t<div class=\"elementor-element elementor-element-f6cee29 elementor-widget elementor-widget-heading\" data-id=\"f6cee29\" data-element_type=\"widget\" data-e-type=\"widget\" data-widget_type=\"heading.default\">\n\t\t\t\t\t<h2 class=\"elementor-heading-title elementor-size-default\">Saavutettavuus<\/h2>\t\t\t\t<\/div>\n\t\t\t\t<div class=\"elementor-element elementor-element-9066789 elementor-widget elementor-widget-text-editor\" data-id=\"9066789\" data-element_type=\"widget\" data-e-type=\"widget\" data-widget_type=\"text-editor.default\">\n\t\t\t\t\t\t\t\t\t<p>Sivusto ja oppimateriaali on tehty saavutettavuus huomioiden. Verkkokurssit on tehty selke\u00e4ksi rakenteeltaan ja kielelt\u00e4. Visuaalisesti tekstin ja taustan v\u00e4lill\u00e4 on riitt\u00e4v\u00e4 kotrasti. Videot on tekstitetty ja videoiden sis\u00e4lt\u00e4m\u00e4 teoria on kerrottu my\u00f6s kirjallisesti. Kursseja voi k\u00e4ytt\u00e4\u00e4 tietokoneella, tabletilla ja puhelimella,mutta suosittelemme suurempaa n\u00e4ytt\u00f6\u00e4 videoiden katsomiseen. Videoilla tehd\u00e4\u00e4n ohjelmointia ja se saattaa n\u00e4ky\u00e4 huonosti pienelt\u00e4 n\u00e4yt\u00f6lt\u00e4.\u00a0 Kursseill\u00e4 edet\u00e4\u00e4n helpommasta asiasta vaikeampaan ja kursilla voi edet\u00e4 omaan tahdiin. Ohjeet on pyritty saamaan selkeiksi. Kurssit ovat monipuolisia ja niiss\u00e4 voi oppia tektin, videon tai kuvien avulla.\u00a0<\/p>\t\t\t\t\t\t\t\t<\/div>\n\t\t\t\t<div class=\"elementor-element elementor-element-0c96343 elementor-widget elementor-widget-heading\" data-id=\"0c96343\" data-element_type=\"widget\" data-e-type=\"widget\" data-widget_type=\"heading.default\">\n\t\t\t\t\t<h2 class=\"elementor-heading-title elementor-size-default\">Opiskelijoiden tietojen luovutus.<\/h2>\t\t\t\t<\/div>\n\t\t\t\t<div class=\"elementor-element elementor-element-176bd7e elementor-widget elementor-widget-text-editor\" data-id=\"176bd7e\" data-element_type=\"widget\" data-e-type=\"widget\" data-widget_type=\"text-editor.default\">\n\t\t\t\t\t\t\t\t\t<p>Opiskelijoiden tiedoista ei tarvitse luovuttaa automaatiokoulutus.fi sivustolle, kuin s\u00e4hk\u00f6posti. Alla on esimerkki opiskelijan lis\u00e4\u00e4misest\u00e4 kurssille. Etunimeen voi laittaa &#8220;Opiskelija&#8221;, sukunimeen opiskelijan opiskelunumero ja s\u00e4hk\u00f6postiin opiskelijanumerolla oleva s\u00e4hk\u00f6posti. N\u00e4in koulun ei tarvitse luovuttaa opiskelijan henkil\u00f6tietoja.\u00a0<\/p>\t\t\t\t\t\t\t\t<\/div>\n\t\t\t\t<div class=\"elementor-element elementor-element-1d4d315 elementor-widget elementor-widget-image\" data-id=\"1d4d315\" data-element_type=\"widget\" data-e-type=\"widget\" data-widget_type=\"image.default\">\n\t\t\t\t\t\t\t\t\t\t\t\t\t\t\t<img fetchpriority=\"high\" decoding=\"async\" width=\"1024\" height=\"695\" src=\"https:\/\/automaatiokoulutus.fi\/wp-content\/uploads\/2025\/08\/Opiskelijan-lisaaminen-1024x695.png\" class=\"attachment-large size-large wp-image-3983\" alt=\"\" srcset=\"https:\/\/automaatiokoulutus.fi\/wp-content\/uploads\/2025\/08\/Opiskelijan-lisaaminen-1024x695.png 1024w, https:\/\/automaatiokoulutus.fi\/wp-content\/uploads\/2025\/08\/Opiskelijan-lisaaminen-300x204.png 300w, https:\/\/automaatiokoulutus.fi\/wp-content\/uploads\/2025\/08\/Opiskelijan-lisaaminen-768x521.png 768w, https:\/\/automaatiokoulutus.fi\/wp-content\/uploads\/2025\/08\/Opiskelijan-lisaaminen-600x407.png 600w, https:\/\/automaatiokoulutus.fi\/wp-content\/uploads\/2025\/08\/Opiskelijan-lisaaminen.png 1054w\" sizes=\"(max-width: 1024px) 100vw, 1024px\" \/>\t\t\t\t\t\t\t\t\t\t\t\t\t\t\t<\/div>\n\t\t\t\t<div class=\"elementor-element elementor-element-4c1144f elementor-widget elementor-widget-spacer\" data-id=\"4c1144f\" data-element_type=\"widget\" data-e-type=\"widget\" data-widget_type=\"spacer.default\">\n\t\t\t\t\t\t\t<div class=\"elementor-spacer\">\n\t\t\t<div class=\"elementor-spacer-inner\"><\/div>\n\t\t<\/div>\n\t\t\t\t\t\t<\/div>\n\t\t\t\t<div class=\"elementor-element elementor-element-523363c elementor-widget elementor-widget-heading\" data-id=\"523363c\" data-element_type=\"widget\" data-e-type=\"widget\" data-widget_type=\"heading.default\">\n\t\t\t\t\t<h2 class=\"elementor-heading-title elementor-size-default\">Kurssin materiaalin k\u00e4ytt\u00f6<\/h2>\t\t\t\t<\/div>\n\t\t\t\t<div class=\"elementor-element elementor-element-dae471b elementor-widget elementor-widget-text-editor\" data-id=\"dae471b\" data-element_type=\"widget\" data-e-type=\"widget\" data-widget_type=\"text-editor.default\">\n\t\t\t\t\t\t\t\t\t<p>Kurssit sis\u00e4lt\u00e4v\u00e4t s\u00e4hk\u00f6kuvia ja niiden jakaminen on ehdottomasti kielletty. S\u00e4hk\u00f6kuvia saa k\u00e4ytt\u00e4\u00e4 harjoitust\u00f6ihin vain henkil\u00f6t, joilla on oikeus kurssille, josta kuvat on ladattu.\u00a0<\/p>\t\t\t\t\t\t\t\t<\/div>\n\t\t\t\t<div class=\"elementor-element elementor-element-ac450e3 elementor-widget elementor-widget-spacer\" data-id=\"ac450e3\" data-element_type=\"widget\" data-e-type=\"widget\" data-widget_type=\"spacer.default\">\n\t\t\t\t\t\t\t<div class=\"elementor-spacer\">\n\t\t\t<div class=\"elementor-spacer-inner\"><\/div>\n\t\t<\/div>\n\t\t\t\t\t\t<\/div>\n\t\t\t\t\t<\/div>\n\t\t\t\t<\/div>\n\t\t\t\t<\/div>\n\t\t","protected":false},"excerpt":{"rendered":"<p>INFO OPPILAITOKSILLE Saavutettavuus Sivusto ja oppimateriaali on tehty saavutettavuus huomioiden. Verkkokurssit on tehty selke\u00e4ksi rakenteeltaan ja kielelt\u00e4. Visuaalisesti tekstin ja [&hellip;]<\/p>\n","protected":false},"author":1,"featured_media":0,"parent":0,"menu_order":0,"comment_status":"closed","ping_status":"closed","template":"","meta":{"_eb_attr":"","site-sidebar-layout":"no-sidebar","site-content-layout":"","ast-site-content-layout":"full-width-container","site-content-style":"default","site-sidebar-style":"default","ast-global-header-display":"","ast-banner-title-visibility":"","ast-main-header-display":"","ast-hfb-above-header-display":"","ast-hfb-below-header-display":"","ast-hfb-mobile-header-display":"","site-post-title":"disabled","ast-breadcrumbs-content":"","ast-featured-img":"disabled","footer-sml-layout":"","ast-disable-related-posts":"","theme-transparent-header-meta":"","adv-header-id-meta":"","stick-header-meta":"","header-above-stick-meta":"","header-main-stick-meta":"","header-below-stick-meta":"","astra-migrate-meta-layouts":"default","ast-page-background-enabled":"default","ast-page-background-meta":{"desktop":{"background-color":"var(--ast-global-color-4)","background-image":"","background-repeat":"repeat","background-position":"center center","background-size":"auto","background-attachment":"scroll","background-type":"","background-media":"","overlay-type":"","overlay-color":"","overlay-opacity":"","overlay-gradient":""},"tablet":{"background-color":"","background-image":"","background-repeat":"repeat","background-position":"center center","background-size":"auto","background-attachment":"scroll","background-type":"","background-media":"","overlay-type":"","overlay-color":"","overlay-opacity":"","overlay-gradient":""},"mobile":{"background-color":"","background-image":"","background-repeat":"repeat","background-position":"center center","background-size":"auto","background-attachment":"scroll","background-type":"","background-media":"","overlay-type":"","overlay-color":"","overlay-opacity":"","overlay-gradient":""}},"ast-content-background-meta":{"desktop":{"background-color":"var(--ast-global-color-5)","background-image":"","background-repeat":"repeat","background-position":"center center","background-size":"auto","background-attachment":"scroll","background-type":"","background-media":"","overlay-type":"","overlay-color":"","overlay-opacity":"","overlay-gradient":""},"tablet":{"background-color":"var(--ast-global-color-5)","background-image":"","background-repeat":"repeat","background-position":"center center","background-size":"auto","background-attachment":"scroll","background-type":"","background-media":"","overlay-type":"","overlay-color":"","overlay-opacity":"","overlay-gradient":""},"mobile":{"background-color":"var(--ast-global-color-5)","background-image":"","background-repeat":"repeat","background-position":"center center","background-size":"auto","background-attachment":"scroll","background-type":"","background-media":"","overlay-type":"","overlay-color":"","overlay-opacity":"","overlay-gradient":""}},"footnotes":""},"class_list":["post-3975","page","type-page","status-publish","hentry"],"_links":{"self":[{"href":"https:\/\/automaatiokoulutus.fi\/index.php?rest_route=\/wp\/v2\/pages\/3975","targetHints":{"allow":["GET"]}}],"collection":[{"href":"https:\/\/automaatiokoulutus.fi\/index.php?rest_route=\/wp\/v2\/pages"}],"about":[{"href":"https:\/\/automaatiokoulutus.fi\/index.php?rest_route=\/wp\/v2\/types\/page"}],"author":[{"embeddable":true,"href":"https:\/\/automaatiokoulutus.fi\/index.php?rest_route=\/wp\/v2\/users\/1"}],"replies":[{"embeddable":true,"href":"https:\/\/automaatiokoulutus.fi\/index.php?rest_route=%2Fwp%2Fv2%2Fcomments&post=3975"}],"version-history":[{"count":16,"href":"https:\/\/automaatiokoulutus.fi\/index.php?rest_route=\/wp\/v2\/pages\/3975\/revisions"}],"predecessor-version":[{"id":3993,"href":"https:\/\/automaatiokoulutus.fi\/index.php?rest_route=\/wp\/v2\/pages\/3975\/revisions\/3993"}],"wp:attachment":[{"href":"https:\/\/automaatiokoulutus.fi\/index.php?rest_route=%2Fwp%2Fv2%2Fmedia&parent=3975"}],"curies":[{"name":"wp","href":"https:\/\/api.w.org\/{rel}","templated":true}]}}